{"id":148,"date":"2017-10-10T11:03:12","date_gmt":"2017-10-10T09:03:12","guid":{"rendered":"http:\/\/www.aziendaelettricavillalatina.it\/?page_id=148"},"modified":"2017-12-05T16:57:43","modified_gmt":"2017-12-05T15:57:43","slug":"codice-di-condotta-commerciale","status":"publish","type":"page","link":"http:\/\/www.aziendaelettricavillalatina.it\/?page_id=148","title":{"rendered":"Codice di condotta commerciale"},"content":{"rendered":"<div class=\"nolwrap\"><h3>CODICE DI CONDOTTA COMMERCIALE PER LA VENDITA DI ENERGIA ELETTRICA AI CLIENTI IDONEI FINALI<\/h3>\n<h3>TITOLO I \u2013 DISPOSIZIONI GENERALI<\/h3>\n<h4>Articolo 1<br \/>\nDefinizioni<\/h4>\n<ol>\n<li style=\"text-align: left;\">\u00a0Ai fini del presente Codice di condotta commerciale si adottano, in quanto compatibili, le definizioni di cui all\u2019Allegato A alla deliberazione dell\u2019Autorit\u00e0 30 gennaio 2004, n. 5\/04, (di seguito: deliberazione n. 5\/04) come successivamente integrato e modificato e le seguenti definizioni:<\/li>\n<\/ol>\n<p style=\"padding-left: 60px;\">a. clienti finali sono i clienti idonei finali del settore elettrico alimentati in bassa tensione;<\/p>\n<p style=\"padding-left: 60px;\">b. esercenti l\u2019attivit\u00e0 di vendita di energia elettrica sono i soggetti che svolgono l\u2019attivit\u00e0 di vendita ai clienti idonei finali.<\/p>\n<h4>Articolo 2<br \/>\nOggetto e ambito di applicazione<\/h4>\n<ol>\n<li>\u00a0Il presente Codice di condotta commerciale stabilisce norme che regolano i rapporti tra gli esercenti l\u2019attivit\u00e0 di vendita di energia elettrica (di seguito: esercenti) e i clienti finali (di seguito: clienti).<\/li>\n<\/ol>\n<h4>Articolo 3<br \/>\nDiffusione dell\u2019informazione<\/h4>\n<ol>\n<li>\u00a0Gli esercenti forniscono in modo trasparente, completo e non discriminatorio le informazioni relative alle proprie offerte contrattuali e adottano ogni ragionevole misura per soddisfare le esigenze di informazione e assistenza dei clienti nella<br \/>\nvalutazione di tali offerte. A tal fine indicano, in tutta la modulistica e nelle comunicazioni commerciali, un recapito a cui il cliente pu\u00f2 rivolgersi per ottenere informazioni relative all\u2019offerta.<\/li>\n<\/ol>\n<h4>Articolo 4<br \/>\nCriteri per la redazione dei contratti<\/h4>\n<ol>\n<li>I contratti predisposti dagli esercenti sono redatti utilizzando un carattere di stampa leggibile e un linguaggio chiaro e comprensibile per tutti i clienti.<\/li>\n<li>Nel caso in cui nel contratto vengano citate fonti normative di qualsiasi specie, la citazione deve essere accompagnata dall\u2019indicazione del titolo della norma e dei Delibera n. 105\/06 &#8211; Allegato A 2 riferimenti di pubblicazione, in modo che il cliente ne possa agevolmente prendere visione.<\/li>\n<\/ol>\n<h4>Articolo 5<br \/>\n<b>Formazione del personale commerciale<\/b><\/h4>\n<ol>\n<li>Gli esercenti provvedono a fornire al personale incaricato, a qualunque titolo, delle attivit\u00e0 finalizzate alla promozione di offerte contrattuali o alla conclusione di contratti una formazione tale da garantire la conoscenza delle caratteristiche di tali offerte, del contenuto del Codice di condotta commerciale e dei diritti riconosciuti ai clienti e ne garantiscono l\u2019aggiornamento.<\/li>\n<li>Gli esercenti adottano misure affinch\u00e9 il personale incaricato, a qualunque titolo, delle attivit\u00e0 finalizzate alla promozione di offerte contrattuali o alla conclusione di contratti non diffonda notizie non veritiere relativamente agli effetti che potrebbero derivare al cliente dalla mancata accettazione dell\u2019offerta, o atte a determinare il discredito dei concorrenti.<\/li>\n<\/ol>\n<h3>TITOLO II \u2013 CRITERI PER LA COMUNICAZIONE DEI PREZZI DI FORNITURA DEL SERVIZIO<\/h3>\n<h4>Articolo 6<br \/>\nCriteri di comunicazione dei prezzi di fornitura del servizio<\/h4>\n<ol>\n<li>\u00a0Al fine di garantire un corretto confronto tra le diverse offerte, qualora siano comunicate informazioni relative ai prezzi di fornitura del servizio previsti dalle offerte contrattuali, qualunque sia la forma di comunicazione adottata, tali<br \/>\ninformazioni devono uniformarsi ai seguenti criteri:<br \/>\na. i corrispettivi dovuti dai clienti per la prestazione del servizio sono indicati nel loro valore unitario al netto delle imposte, specificando che saranno gravati dalle imposte;<br \/>\nb. i corrispettivi unitari dovuti in proporzione al consumo di energia elettrica,eventualmente articolati in scaglioni o differenziati per fasce orarie di consumo,sono indicati in centesimi di euro per kWh; i corrispettivi unitari dovuti in misura fissa sono indicati in centesimi di euro\/cliente\/anno; i corrispettivi unitari dovuti in proporzione alla potenza impegnata sono indicati in centesimi di euro per kW\/anno; i corrispettivi unitari dovuti per eventuali prelievi di energia reattiva sono indicati in centesimi di euro per kvarh;<br \/>\nc. eventuali corrispettivi diversi dai corrispettivi di cui alla precedente lettera b. sono indicati nel loro valore unitario e sono accompagnati da una descrizione sintetica delle modalit\u00e0 di applicazione;<br \/>\nd. per i corrispettivi soggetti a indicizzazione deve essere indicata la frequenza dei possibili aggiornamenti e devono essere fornite una descrizione sintetica del criterio di indicizzazione, l&#8217;indicazione del valore unitario massimo raggiunto dal corrispettivo nel corso degli ultimi dodici mesi e l&#8217;indicazione del periodo<br \/>\ndurante il quale tale valore massimo \u00e8 stato applicato.Delibera n. 105\/06 &#8211; Allegato A3<\/li>\n<li>Gli esercenti rendono disponibile almeno uno strumento informativo al quale i clienti possono accedere per ottenere informazioni circa le aliquote delle imposte di cui al precedente comma 1, lettera a.<\/li>\n<li>Qualora i prezzi di fornitura del servizio offerti siano comunicati in termini di sconto rispetto ai prezzi offerti da un altro esercente o ai corrispettivi per l\u2019erogazione dei servizi di trasmissione, distribuzione, misura e vendita di cui al Testo integrato approvato con deliberazione n. 5\/04, l\u2019esercente rende disponibile almeno uno strumento informativo al quale i clienti possono accedere per ottenere informazioni complete circa i corrispettivi utilizzati come riferimento per la determinazione dello sconto.<\/li>\n<li>Qualora lo sconto sia presentato come riferito non al prezzo finale, ma ad una o pi\u00f9 delle sue componenti, deve essere fornita indicazione al cliente dello sconto praticato sulla componente specifica e dell\u2019incidenza percentuale media dellosconto sul prezzo finale al netto delle imposte, specificando che quest\u2019ultimo sar\u00e0 gravato da imposte.<\/li>\n<\/ol>\n<h4>Articolo 7<br \/>\nCriteri di comunicazione delle informazioni relative alla spesa complessiva<\/h4>\n<ol>\n<li>Qualora siano fornite informazioni relative alla stima della spesa complessiva associata ai prezzi di fornitura del servizio previsti dalle offerte contrattuali, qualunque sia la forma di comunicazione adottata, l\u2019informazione deve uniformarsi ai criteri di cui al precedente articolo 6 e ai seguenti criteri:<br \/>\na. l\u2019informazione deve avere per oggetto la spesa complessiva risultante dall\u2019applicazione su base annua di tutti i corrispettivi dovuti dal cliente in relazione all\u2019esecuzione del contratto, inclusi i corrispettivi dovuti dal cliente all\u2019esercente a rimborso di prestazioni fornite da terzi, in vigore al momento della diffusione dell\u2019informazione, e per consumi di energia elettrica individuati ai sensi del comma 2;<br \/>\nb. l\u2019informazione deve essere presentata fornendo separata evidenza della spesa annua associata a ciascuno dei corrispettivi;<br \/>\nc. in presenza di corrispettivi o sconti applicati solo al verificarsi di particolari condizioni previste dal contratto, l&#8217;informazione deve essere presentata fornendo separata evidenza della spesa complessiva annua associata al verificarsi di tali condizioni o al mancato verificarsi di tali condizioni;<br \/>\nd. eventuali agevolazioni economiche riconosciute al cliente al momento della conclusione del contratto, quali ad esempio sconti o altri benefici economici, ma non connesse alla sua esecuzione, sono escluse dal calcolo della spesa complessiva annua;<br \/>\ne. qualora uno o pi\u00f9 corrispettivi siano soggetti a indicizzazione o variazione automatica, deve essere specificato in modo chiaro, evidente e inequivocabile che l&#8217;informazione ha per oggetto un valore indicativo e soggetto a variazione; Delibera n. 105\/06 &#8211; Allegato A4<br \/>\nf. l\u2019informazione deve essere associata all\u2019indicazione della durata del contratto, del periodo nel quale sono in vigore i corrispettivi unitari utilizzati per ilcalcolo, nonch\u00e9 della durata e delle eventuali condizioni limitative dell&#8217;offerta.<\/li>\n<li>Ai fini della diffusione delle informazioni di cui al comma 1, per l\u2019applicazione dei corrispettivi dovuti in relazione al consumo di energia elettrica, la spesa complessiva annua \u00e8 calcolata utilizzando uno o pi\u00f9 livelli di consumo annuo diriferimento indicati nella Tabella 1 allegata al presente Codice. Qualora si utilizzi un livello di consumo annuo diverso da quelli indicati nella Tabella 1, deve essere contestualmente presentata anche l\u2019informazione relativa alla spesa complessiva annua associata ai livelli di consumo annuo indicati nella Tabella 1 che risultano immediatamente inferiore e immediatamente superiore al livello di consumo prescelto.<\/li>\n<li>In presenza di corrispettivi articolati su base oraria, deve essere indicato il criterio di ripartizione dei consumi annui, individuati ai sensi del precedente comma\u00a02, adottato ai fini del calcolo della spesa complessiva annua, specificando in che misura la spesa complessiva potr\u00e0 variare nel caso in cui la ripartizione dei consumi del cliente si discosti da quella ipotizzata.<\/li>\n<\/ol>\n<h3>TITOLO III \u2013 OBBLIGHI RELATIVI ALLA PROMOZIONE DELLE OFFERTE CONTRATTUALI<\/h3>\n<h4>Articolo 8<br \/>\nInformazioni minime da fornire nelle comunicazioni a scopo commerciale<\/h4>\n<ol>\n<li>Fatte salve le previsioni in materia di pubblicit\u00e0 ingannevole e comparativa, le comunicazioni che contengono informazioni relative alle condizioni di fornitura oggetto di una o pi\u00f9 offerte contrattuali riportano, utilizzando modalit\u00e0 idonee ad<br \/>\nassicurarne una chiara percezione, almeno le seguenti informazioni:<br \/>\na. indicazione delle caratteristiche dell\u2019offerta e delle eventuali condizioni limitative dell\u2019offerta;<br \/>\nb. indicazione di un recapito al quale il cliente pu\u00f2 rivolgersi per ottenere le informazioni di cui all\u2019articolo 10.<\/li>\n<li>Qualora le comunicazioni a scopo commerciale riportino informazioni relative ai corrispettivi dell\u2019offerta esse si uniformano ai criteri previsti dal Titolo II.<\/li>\n<\/ol>\n<h4>Articolo 9<br \/>\nRiconoscibilit\u00e0 e regole di comportamento del personale commerciale<\/h4>\n<ol>\n<li>Gli esercenti assicurano la riconoscibilit\u00e0 del personale incaricato a qualunque titolo delle attivit\u00e0 finalizzate alla promozione di offerte contrattuali e alla conclusione di contratti.<\/li>\n<li>Qualora il cliente venga contattato in luoghi diversi dalla sede o dagli uffici commerciali dell\u2019esercente o telefonicamente, il personale commerciale si identifica e:<br \/>\n<strong>Delibera n. 105\/06 &#8211; Allegato A5<br \/>\n<\/strong>a. consegna al cliente un documento dal quale risultino i propri elementi identificativi, gli elementi identificativi e i recapiti dell\u2019esercente (indirizzo, numeri telefonici, fax, sito internet. ecc); in caso di contatto solo telefonico<br \/>\nfornisce gli elementi identificativi e il recapito telefonico dell\u2019esercente. Il recapito telefonico deve essere idoneo a consentire l\u2019identificazione del personale;<br \/>\nb. informa il cliente che il contatto \u00e8 finalizzato alla presentazione di un\u2019offerta contrattuale o alla conclusione di un contratto, prima di richiedere qualunque dato o documento relativo alla fornitura del cliente oggetto del contatto.<\/li>\n<\/ol>\n<h4>Articolo 10<br \/>\nInformazioni preliminari alla conclusione del contratto<\/h4>\n<ol>\n<li>In occasione della proposta di un\u2019offerta contrattuale, qualunque sia la modalit\u00e0 con cui il cliente viene contattato e, in ogni caso, prima della conclusione del contratto il cliente deve ricevere le seguenti informazioni:<br \/>\na. l\u2019identit\u00e0 dell\u2019esercente e dell\u2019eventuale intermediario incaricato per la conclusione del contratto e un recapito dell\u2019esercente;<br \/>\nb. la durata della validit\u00e0 dell\u2019offerta e le modalit\u00e0 di adesione;<br \/>\nc. le eventuali condizioni limitative dell&#8217;offerta;<br \/>\nd. le condizioni contrattuali ed economiche proposte dall\u2019esercente;<br \/>\ne. la durata del contratto e le modalit\u00e0 di rinnovo;<br \/>\nf. le modalit\u00e0 e i termini di preavviso per l\u2019esercizio della facolt\u00e0 di recesso dal contratto;<br \/>\ng. le modalit\u00e0 e i tempi per l\u2019avvio dell\u2019esecuzione del contratto, compresi gli adempimenti a carico del cliente per la stipula dei\u00a0 \u00a0 \u00a0 \u00a0 \u00a0contratti di trasmissione, distribuzione e dispacciamento in prelievo di cui all\u2019articolo 5 dell\u2019Allegato A alla deliberazione 30 dicembre\u00a0 \u00a02003 n. 168\/03, come successivamente integrata e modificata (di seguito: deliberazione n. 168\/03);<br \/>\nh. l\u2019identit\u00e0 del soggetto che, nel caso di conferimento del mandato di cui all\u2019articolo 5, comma 5.3 della deliberazione n. 168\/03,\u00a0 stipuler\u00e0 contratti di trasmissione, distribuzione e dispacciamento in prelievo, se diverso dall\u2019esercente;<br \/>\ni. qualora l\u2019esercente sia tenuto al rispetto degli obblighi in tema di qualit\u00e0 commerciale di cui all\u2019Allegato A alla deliberazione 30 gennaio 2004, n. 4\/04, come successivamente integrata e modificata, i livelli di qualit\u00e0 cmmerciale relativi alle prestazioni di competenza dell\u2019esercente definiti ai sensi della normativa in vigore, gli indennizzi automatici previsti in caso di mancato rispetto dei livelli di sua competenza e i livelli effettivi di qualit\u00e0 riferiti all\u2019anno precedente; qualora l\u2019esercente abbia definito propri livelli di qualit\u00e0 l\u2019informazione riguarda tali livelli. Delibera n. 105\/06 &#8211; Allegato A6<\/li>\n<li>Il cliente del mercato vincolato a cui venga proposta un\u2019offerta contrattuale deve essere informato degli effetti dell\u2019esercizio del diritto di recesso di cui all\u2019articolo 2 della deliberazione 20 ottobre 1999, n. 158\/99.<\/li>\n<li>Qualora le condizioni economiche dell\u2019offerta contrattuale siano definite in termini di sconto rispetto alle condizioni economiche offerte da un diverso esercente, contestualmente alle condizioni contrattuali di cui al comma 1, lettera d. devono essere comunicate anche le corrispondenti condizioni contrattuali associate alle condizioni economiche utilizzate come riferimento, se diverse da quelle oggetto dell\u2019offerta.<\/li>\n<li>Qualora l\u2019offerta contrattuale riguardi la fornitura congiunta di energia elettrica e di gas, oltre alle informazioni relative ai due servizi, fornite nel rispetto del presente Codice di condotta commerciale e del Codice di condotta commerciale per la vendita di gas naturale ai clienti finali approvato con deliberazione 22 luglio 2004, n. 126\/04, devono essere specificati i vincoli e gli effetti eventualmente previsti nel caso di estinzione di uno solo dei due contratti.<\/li>\n<li>Qualora il contatto tra l\u2019esercente e il cliente avvenga al di fuori dei locali commerciali, l\u2019esercente \u00e8 tenuto ad informare il cliente della facolt\u00e0 di recedere di cui al successivo articolo 11 comma 3.<\/li>\n<li>Qualora il contatto tra l\u2019esercente ed il cliente avvenga mediante tecniche di comunicazione a distanza che non consentono la trasmissione immediata di documentazione scritta, l\u2019esercente informa il cliente:<br \/>\na. prima di proporre l\u2019adesione al contratto, circa le modalit\u00e0 attraverso le quali \u00e8 possibile ottenere le informazioni di cui al comma 1 in forma scritta; b. della facolt\u00e0 di recesso di cui al successivo articolo 11 comma 4.<\/li>\n<\/ol>\n<h3>TITOLO IV \u2013 CONTRATTO<\/h3>\n<h4>Articolo 11<br \/>\nConsegna del contratto e diritto di ripensamento<\/h4>\n<ol>\n<li>Prima della conclusione del contratto o comunque entro 10 (dieci) giorni dalla conclusione, se questa \u00e8 avvenuta mediante tecniche di comunicazione a distanza che non consentono la trasmissione immediata del documento, l\u2019esercente consegna o trasmette al cliente in forma cartacea o, a scelta del cliente, su altro supporto durevole:<br \/>\na. una copia integrale del contratto;<br \/>\nb. la nota informativa di cui alla Scheda 1, allegata al presente Codice, che riporta in calce gli elementi identificativi dell\u2019esercente e dell\u2019incaricato che ha proposto o concluso il contratto;<br \/>\nc. una scheda riepilogativa dei corrispettivi conforme allo schema che verr\u00e0 definito con successivo provvedimento dell\u2019Autorit\u00e0 per l\u2019energia elettrica e il gas. Delibera n. 105\/06 &#8211; Allegato A7<\/li>\n<li>In qualunque momento successivo all\u2019esecuzione del contratto, su richiesta, l\u2019esercente trasmette al cliente copia integrale del contratto e la scheda riepilogativa dei corrispettivi di cui al precedente comma 1, lett. c., informandolo preventivamente circa le modalit\u00e0 di trasmissione e l&#8217;eventuale rimborso dei costi sostenuti per la spedizione posti a suo carico.<\/li>\n<li>Qualora il contratto sia stato concluso in un luogo diverso dai locali commerciali dell\u2019esercente, il cliente pu\u00f2 recedere dal contratto senza oneri entro 10 (dieci) giorni decorrenti dalla data della conclusione.<\/li>\n<li>Qualora il contratto sia stato concluso attraverso forme di comunicazione a distanza, il cliente pu\u00f2 recedere senza oneri entro 10 (dieci) giorni dal ricevimento del contratto.<\/li>\n<\/ol>\n<h4>Articolo 12<br \/>\nTermini e modalit\u00e0 di preavviso per la variazione unilaterale di clausole contrattuali<\/h4>\n<ol>\n<li>Qualora nel periodo di validit\u00e0 di un contratto nel quale \u00e8 esplicitamente prevista la facolt\u00e0 per l\u2019esercente di variare unilateralmente specifiche clausole contrattuali si renda necessario, per giustificato motivo, il ricorso da parte dell\u2019esercente a tale facolt\u00e0, l\u2019esercente ne d\u00e0 comunicazione in forma scritta a ciascuno dei clienti interessati con un preavviso non inferiore a 60 (sessanta) giorni di calendario rispetto alla decorrenza delle variazioni.<\/li>\n<li>La comunicazione di cui al comma 1 non \u00e8 dovuta in caso di variazione dei corrispettivi che derivano dall\u2019applicazione di clausole contrattuali in materia di indicizzazione o di adeguamento automatico. In questo caso il cliente \u00e8 informato della variazione nella prima bolletta in cui le variazioni sono applicate.<\/li>\n<li>La comunicazione di cui al comma 1 contiene, per ciascuna delle modifiche proposte, le seguenti informazioni:<br \/>\na. il testo completo di ciascuna delle disposizioni contrattuali risultante dalla modifica proposta;<br \/>\nb. l\u2019illustrazione chiara, completa e comprensibile, dei contenuti e degli effetti della variazione proposta;<br \/>\nc. la decorrenza della variazione proposta;<br \/>\nd. i termini e modalit\u00e0 per la comunicazione da parte del cliente dell\u2019eventuale volont\u00e0 di esercitare il recesso senza oneri. Delibera n. 105\/06 &#8211; Allegato A8<\/li>\n<\/ol>\n<h4>Scheda 1: Nota informativa per il cliente finale<\/h4>\n<p>Il Codice di condotta commerciale per la vendita di energia elettrica ai clienti idonei finali Dal 1\u00b0 luglio 2004 tutti i clienti non domestici e dal 1\u00b0 luglio 2007 tutti i clienti del servizio elettrico divengono liberi, potendo cos\u00ec scegliere il venditore di energia elettrica e il contratto di fornitura che meglio risponda alle proprie esigenze. Il cliente che \u00e8 diventato idoneo pu\u00f2 scegliere di abbandonare il suo vecchio fornitore, pu\u00f2 uscire dal mercato vincolato ed entrare nel mercato libero. Mentre nel mercato vincolato le condizioni contrattuali ed economiche sono regolate dall\u2019Autorit\u00e0 per l\u2019energia elettrica e il gas, nel mercato libero vengono negoziate tra il cliente e il nuovo fornitore. Non cambiano invece le caratteristiche tecniche e di qualit\u00e0 del servizio erogato, perch\u00e9 il distributore (cio\u00e8 il soggetto che trasporta l\u2019energia elettrica sulle proprie reti) rimane lo stesso.<br \/>\nIl cliente che stipula un contratto sul mercato libero deve inoltre stipulare il contratto di trasmissione e distribuzione (con il distributore) e il contratto di dispacciamento (con Terna S.p.A.), ma a tal fine pu\u00f2 incaricare il suo nuovo fornitore, dandogli apposito mandato. Per garantire che i clienti dispongano degli elementi necessari per poter scegliere l\u2019offerta pi\u00f9 conveniente sulla base di informazioni chiare, attendibili e confrontabili, l\u2019Autorit\u00e0 per l\u2019energia elettrica e il gas ha emanato, con deliberazione 30 maggio 2006 n. 105\/06un Codice di condotta commerciale che impone a tutte le imprese di vendita dell\u2019energia elettrica precise regole di comportamento.<\/p>\n<ol>\n<li><strong>Trasparenza delle proposte contrattuali<br \/>\n<\/strong>Chiunque entri in contatto con un cliente per proporgli un nuovo contratto deve sempre:<br \/>\n&#8211; identificarsi, specificare l\u2019impresa di vendita per cui opera e fornire i recapiti attraverso i quali pu\u00f2 essere contattata;<br \/>\n&#8211; fornire al cliente informazioni dettagliate sul contratto proposto; &#8211; specificare i tempi necessari e gli eventuali costi da sostenere per l\u2019avvio del servizio;<br \/>\n&#8211; fornire al cliente informazioni sugli adempimenti relativi contratti di distribuzione e dispacciamento;<br \/>\n&#8211; indicare le condizioni che limitano la possibilit\u00e0 di aderire all\u2019offerta contrattuale proposta.<br \/>\nSe il cliente viene contattato per telefono, il venditore deve indicare come ottenere le informazioni in forma scritta. Delibera n. 105\/06 &#8211; Allegato A10<\/li>\n<li><strong>Contratto<br \/>\n<\/strong>&#8211; Il contratto deve indicare l\u2019identit\u00e0 e l\u2019indirizzo dell\u2019impresa di vendita e dovrebbe contenere almeno le seguenti clausole:<br \/>\ntutte le prestazioni che saranno fornite al cliente;<br \/>\n&#8211; la data di avvio del servizio e la durata del contratto;<br \/>\n&#8211; il prezzo del servizio e le sue possibili variazioni nel tempo;<br \/>\n&#8211; le eventuali garanzie che il cliente deve fornire all\u2019impresa di vendita per ottenere il servizio (ad esempio, un deposito cauzionale);<br \/>\n&#8211; tutti gli oneri e le spese a carico del cliente;<br \/>\n&#8211; come e quando saranno misurati i consumi;<br \/>\n&#8211; quando saranno emesse le bollette, quando e in che modo il cliente dovr\u00e0 pagarle;<br \/>\n&#8211; le conseguenze per il cliente che non paga le bollette entro la scadenza prestabilita;<br \/>\n&#8211; i casi in cui l\u2019impresa di vendita deve versare al cliente un indennizzo automatico;<br \/>\n&#8211; come fare per ottenere informazioni, presentare un reclamo o risolvere una controversia con l\u2019impresa di vendita.<strong><br \/>\n<\/strong><\/li>\n<li><strong>Documentazione e diritto di ripensamento<br \/>\n<\/strong>Al momento della sottoscrizione, il cliente deve ricevere una copia scritta del contratto. Se il contratto viene stipulato in un luogo diverso dagli uffici o dagli sportelli dell\u2019impresa di vendita (ad esempio, a casa del cliente o in un centro commerciale), il cliente pu\u00f2 recedere dal contratto senza spese entro 10 giorni dalla stipulazione.<br \/>\nSe il contratto viene stipulato attraverso forme di comunicazione a distanza (ad esempio, al telefono): &#8211; entro 10 giorni l\u2019impresa di vendita deve inviare al cliente una copia scritta del contratto;<br \/>\n&#8211;\u00a0il cliente pu\u00f2 recedere dal contratto senza spese entro 10 giorni dal ricevimento del contratto.<\/li>\n<li>Riepilogo<br \/>\nPrima di aderire ad un nuovo contratto di fornitura di energia elettrica, verifichi quindi che chi le ha proposto il contratto:<br \/>\n\u2022 abbia indicato il nome e un recapito dell\u2019impresa di vendita dell\u2019energia elettrica;<br \/>\n\u2022 abbia fornito informazioni chiare su:<br \/>\n&#8211; il prezzo del servizio e le sue possibili variazioni nel tempo;<br \/>\n&#8211; le altre spese a carico del cliente previste dal contratto;<br \/>\n&#8211; la durata del contratto;<br \/>\n&#8211; come e quando saranno misurati i consumi;<br \/>\n&#8211; con quali scadenze dovr\u00e0 essere pagato il servizio;<br \/>\n&#8211; i tempi per l\u2019avvio del servizio;<br \/>\n<strong>Delibera n. 105\/06 &#8211; Allegato A11<br \/>\n<\/strong>\u2022 abbia consegnato una copia scritta del contratto;<br \/>\n&#8211; Impresa di vendita<br \/>\n&#8211; Incaricato che ha proposto il contratto<br \/>\n&#8211; Denominazione dell\u2019offerta contrattuale<\/li>\n<\/ol>\n<\/div>","protected":false},"excerpt":{"rendered":"<p>CODICE DI CONDOTTA COMMERCIALE PER LA VENDITA DI ENERGIA ELETTRICA AI CLIENTI IDONEI FINALI TITOLO I \u2013 DISPOSIZIONI GENERALI Articolo 1 Definizioni \u00a0Ai fini del presente Codice di condotta commerciale si adottano, in quanto compatibili, le definizioni di cui all\u2019Allegato <a href=\"http:\/\/www.aziendaelettricavillalatina.it\/?page_id=148\" class=\"read-more\">Continua la lettura &#8230;<\/a><\/p>\n","protected":false},"author":1,"featured_media":0,"parent":736,"menu_order":0,"comment_status":"closed","ping_status":"closed","template":"","meta":{"footnotes":"","_links_to":"","_links_to_target":""},"_links":{"self":[{"href":"http:\/\/www.aziendaelettricavillalatina.it\/index.php?rest_route=\/wp\/v2\/pages\/148"}],"collection":[{"href":"http:\/\/www.aziendaelettricavillalatina.it\/index.php?rest_route=\/wp\/v2\/pages"}],"about":[{"href":"http:\/\/www.aziendaelettricavillalatina.it\/index.php?rest_route=\/wp\/v2\/types\/page"}],"author":[{"embeddable":true,"href":"http:\/\/www.aziendaelettricavillalatina.it\/index.php?rest_route=\/wp\/v2\/users\/1"}],"replies":[{"embeddable":true,"href":"http:\/\/www.aziendaelettricavillalatina.it\/index.php?rest_route=%2Fwp%2Fv2%2Fcomments&post=148"}],"version-history":[{"count":0,"href":"http:\/\/www.aziendaelettricavillalatina.it\/index.php?rest_route=\/wp\/v2\/pages\/148\/revisions"}],"up":[{"embeddable":true,"href":"http:\/\/www.aziendaelettricavillalatina.it\/index.php?rest_route=\/wp\/v2\/pages\/736"}],"wp:attachment":[{"href":"http:\/\/www.aziendaelettricavillalatina.it\/index.php?rest_route=%2Fwp%2Fv2%2Fmedia&parent=148"}],"curies":[{"name":"wp","href":"https:\/\/api.w.org\/{rel}","templated":true}]}}