{"id":949,"date":"2017-12-06T11:04:31","date_gmt":"2017-12-06T10:04:31","guid":{"rendered":"http:\/\/www.aziendaelettricavillalatina.it\/?page_id=949"},"modified":"2017-12-06T11:04:31","modified_gmt":"2017-12-06T10:04:31","slug":"aumenti-tariffari-2017","status":"publish","type":"page","link":"http:\/\/www.aziendaelettricavillalatina.it\/?page_id=949","title":{"rendered":"Aumenti Tariffari 2017"},"content":{"rendered":"<div class=\"nolwrap\"><p>Segnaliamo ai clienti del servizio di fornitura di energia elettrica, titolari di utenze per uso domestico, che per l\u2019anno in corso l\u2019Autorit\u00e0 per l\u2019Energia Elettrica il Gas ed il Sistema Idrico (AEEGSI), ha approvato una nuova struttura tariffaria.<br \/>\nLa nuova tariffa determina di fatto un sensibile aumento delle componenti fisse applicate in bolletta (\u20ac\/kW ed \u20ac\/cliente).<br \/>\nRicordiamo che tale aumento non \u00e8 determinato, n\u00e9 \u00e8 in alcun modo controllabile, dallo scrivente Comune di Villa Latina che si limita ad applicare quanto disposto dall\u2019AEEGSI.<\/p>\n<p>Ulteriori informazioni sulla riforma tariffaria possono essere reperite al seguente indirizzo internet:<\/p>\n<ul>\n<li><strong><a href=\"http:\/\/www.autorita.energia.it\/it\/schede\/C\/faq-riftariffe.htm\" target=\"_blank\" rel=\"noopener\">www.autorita.energia.it\/it\/schede\/C\/faq-riftariffe.htm<\/a><\/strong><\/li>\n<\/ul>\n<p>Le componenti tariffarie applicate dall\u2019AEEGSI sono invece pubblicate al seguente link:<\/p>\n<ul>\n<li><a href=\"http:\/\/www.autorita.energia.it\/it\/dati\/condec.htm\" target=\"_blank\" rel=\"noopener\"><strong>www.autorita.energia.it\/it\/dati\/condec.htm<\/strong><\/a><\/li>\n<\/ul>\n<p>Per quanto detto non potremo dare soluzioni positive a reclami riferiti esclusivamente ai citati incrementi tariffari, e confidiamo che la presente informativa possa essere sufficiente a chiarire i vostri dubbi in merito.<\/p>\n<p><strong>IL SINDACO <\/strong><br \/>\n<strong>Dott. Rossi Luigi<\/strong><\/p>\n<\/div>","protected":false},"excerpt":{"rendered":"<p>Segnaliamo ai clienti del servizio di fornitura di energia elettrica, titolari di utenze per uso domestico, che per l\u2019anno in corso l\u2019Autorit\u00e0 per l\u2019Energia Elettrica il Gas ed il Sistema Idrico (AEEGSI), ha approvato una nuova struttura tariffaria. La nuova <a href=\"http:\/\/www.aziendaelettricavillalatina.it\/?page_id=949\" class=\"read-more\">Continua la lettura &#8230;<\/a><\/p>\n","protected":false},"author":1,"featured_media":0,"parent":185,"menu_order":0,"comment_status":"closed","ping_status":"closed","template":"","meta":{"footnotes":"","_links_to":"","_links_to_target":""},"_links":{"self":[{"href":"http:\/\/www.aziendaelettricavillalatina.it\/index.php?rest_route=\/wp\/v2\/pages\/949"}],"collection":[{"href":"http:\/\/www.aziendaelettricavillalatina.it\/index.php?rest_route=\/wp\/v2\/pages"}],"about":[{"href":"http:\/\/www.aziendaelettricavillalatina.it\/index.php?rest_route=\/wp\/v2\/types\/page"}],"author":[{"embeddable":true,"href":"http:\/\/www.aziendaelettricavillalatina.it\/index.php?rest_route=\/wp\/v2\/users\/1"}],"replies":[{"embeddable":true,"href":"http:\/\/www.aziendaelettricavillalatina.it\/index.php?rest_route=%2Fwp%2Fv2%2Fcomments&post=949"}],"version-history":[{"count":0,"href":"http:\/\/www.aziendaelettricavillalatina.it\/index.php?rest_route=\/wp\/v2\/pages\/949\/revisions"}],"up":[{"embeddable":true,"href":"http:\/\/www.aziendaelettricavillalatina.it\/index.php?rest_route=\/wp\/v2\/pages\/185"}],"wp:attachment":[{"href":"http:\/\/www.aziendaelettricavillalatina.it\/index.php?rest_route=%2Fwp%2Fv2%2Fmedia&parent=949"}],"curies":[{"name":"wp","href":"https:\/\/api.w.org\/{rel}","templated":true}]}}